{"id":1564,"date":"2025-07-24T05:11:02","date_gmt":"2025-07-24T05:11:02","guid":{"rendered":"https:\/\/bikeparkthunersee.devstudio.work\/?page_id=1564"},"modified":"2025-11-23T12:12:48","modified_gmt":"2025-11-23T12:12:48","slug":"old-t-bar-trail-wiriehorn","status":"publish","type":"page","link":"https:\/\/bikeparkthunersee.devstudio.work\/index.php\/trails-infrastructure\/old-t-bar-trail-wiriehorn\/","title":{"rendered":"Old T-Bar Trail &#8211; Wiriehorn"},"content":{"rendered":"\t\t<div data-elementor-type=\"wp-page\" data-elementor-id=\"1564\" class=\"elementor elementor-1564\" data-elementor-post-type=\"page\">\n\t\t\t\t<div class=\"elementor-element elementor-element-29f525e e-con-full bpt_hero-section e-flex e-con e-parent\" data-id=\"29f525e\" data-element_type=\"container\" data-settings=\"{&quot;background_background&quot;:&quot;classic&quot;}\">\n\t\t<div class=\"elementor-element elementor-element-6137ca3 e-flex e-con-boxed e-con e-child\" data-id=\"6137ca3\" data-element_type=\"container\">\n\t\t\t\t\t<div class=\"e-con-inner\">\n\t\t<div class=\"elementor-element elementor-element-b32bedf e-con-full e-flex e-con e-child\" data-id=\"b32bedf\" data-element_type=\"container\">\n\t\t\t\t<div class=\"elementor-element elementor-element-1cd2494 elementor-widget__width-auto elementor-widget-mobile__width-auto elementor-widget elementor-widget-heading\" data-id=\"1cd2494\" data-element_type=\"widget\" data-widget_type=\"heading.default\">\n\t\t\t\t\t<h1 class=\"elementor-heading-title elementor-size-default\">Trails &amp; Infrastrukturen<\/h1>\t\t\t\t<\/div>\n\t\t\t\t<div class=\"elementor-element elementor-element-6db8097 h1-wrap elementor-headline--style-highlight elementor-widget elementor-widget-animated-headline\" data-id=\"6db8097\" data-element_type=\"widget\" data-settings=\"{&quot;highlighted_text&quot;:&quot;WIRIEHORN&quot;,&quot;headline_style&quot;:&quot;highlight&quot;,&quot;marker&quot;:&quot;circle&quot;,&quot;loop&quot;:&quot;yes&quot;,&quot;highlight_animation_duration&quot;:1200,&quot;highlight_iteration_delay&quot;:8000}\" data-widget_type=\"animated-headline.default\">\n\t\t\t\t\t\t\t<h2 class=\"elementor-headline\">\n\t\t\t\t\t<span class=\"elementor-headline-plain-text elementor-headline-text-wrapper\">OLD T-BAR TRAIL -<\/span>\n\t\t\t\t<span class=\"elementor-headline-dynamic-wrapper elementor-headline-text-wrapper\">\n\t\t\t\t\t<span class=\"elementor-headline-dynamic-text elementor-headline-text-active\">WIRIEHORN<\/span>\n\t\t\t\t<\/span>\n\t\t\t\t<\/h2>\n\t\t\t\t\t\t<\/div>\n\t\t\t\t<div class=\"elementor-element elementor-element-01f6ddb elementor-widget__width-initial elementor-widget-tablet__width-inherit elementor-widget elementor-widget-text-editor\" data-id=\"01f6ddb\" data-element_type=\"widget\" data-widget_type=\"text-editor.default\">\n\t\t\t\t\t\t\t\t\t<p>F\u00fcr alle, die es gerne etwas gem\u00fctlicher angehen lassen, und nicht nur auf der Downhill-Strecke shredden wollen und dennoch nicht auf Airtime und Flow verzichten m\u00f6chten, ist der Old T-Bar Trail genau das Richtige!<\/p>\t\t\t\t\t\t\t\t<\/div>\n\t\t\t\t<\/div>\n\t\t<div class=\"elementor-element elementor-element-efc7d10 e-con-full e-flex e-con e-child\" data-id=\"efc7d10\" data-element_type=\"container\">\n\t\t\t\t<div class=\"elementor-element elementor-element-a327c29 elementor-widget elementor-widget-image\" data-id=\"a327c29\" data-element_type=\"widget\" data-widget_type=\"image.default\">\n\t\t\t\t\t\t\t\t\t\t\t\t\t\t\t<img fetchpriority=\"high\" decoding=\"async\" width=\"1024\" height=\"997\" src=\"https:\/\/bikeparkthunersee.devstudio.work\/wp-content\/uploads\/2025\/07\/Bikepark-Wiriehorn-img.png\" class=\"attachment-full size-full wp-image-1396 has-transparency\" alt=\"\" srcset=\"https:\/\/bikeparkthunersee.devstudio.work\/wp-content\/uploads\/2025\/07\/Bikepark-Wiriehorn-img.png 1024w, https:\/\/bikeparkthunersee.devstudio.work\/wp-content\/uploads\/2025\/07\/Bikepark-Wiriehorn-img-300x292.png 300w, https:\/\/bikeparkthunersee.devstudio.work\/wp-content\/uploads\/2025\/07\/Bikepark-Wiriehorn-img-768x748.png 768w\" sizes=\"(max-width: 1024px) 100vw, 1024px\" data-has-transparency=\"true\" data-dominant-color=\"685f50\" style=\"--dominant-color: #685f50\" \/>\t\t\t\t\t\t\t\t\t\t\t\t\t\t\t<\/div>\n\t\t\t\t<\/div>\n\t\t\t\t\t<\/div>\n\t\t\t\t<\/div>\n\t\t\t\t<\/div>\n\t\t<div class=\"elementor-element elementor-element-2f50ea7 e-con-full e-flex e-con e-parent\" data-id=\"2f50ea7\" data-element_type=\"container\" data-settings=\"{&quot;background_background&quot;:&quot;classic&quot;}\">\n\t\t<div class=\"elementor-element elementor-element-bfb3519 e-flex e-con-boxed e-con e-child\" data-id=\"bfb3519\" data-element_type=\"container\">\n\t\t\t\t\t<div class=\"e-con-inner\">\n\t\t<div class=\"elementor-element elementor-element-6f3ee1f e-con-full e-flex e-con e-child\" data-id=\"6f3ee1f\" data-element_type=\"container\">\n\t\t\t\t<div class=\"elementor-element elementor-element-0d81a7b elementor-widget elementor-widget-text-editor\" data-id=\"0d81a7b\" data-element_type=\"widget\" data-widget_type=\"text-editor.default\">\n\t\t\t\t\t\t\t\t\t<p>Der Old T-Bar Trail \u00fcberzeugt mit seinem geschmeidigen Flow und ist von oben bis unten angenehm rollbar, sodass sowohl Einsteiger als auch fortgeschrittene Biker voll auf ihre Kosten kommen. Dank der perfekt angelegten Kurven l\u00e4sst sich die Strecke fl\u00fcssig fahren, w\u00e4hrend die zahlreichen Wellen und Tables f\u00fcr extra Spass sorgen. Je nach Fahrk\u00f6nnen k\u00f6nnen diese Features entweder entspannt gerollt oder mit etwas Speed \u00fcbersprungen werden, was den Trail f\u00fcr alle Levels spannend macht.<\/p>\t\t\t\t\t\t\t\t<\/div>\n\t\t\t\t<\/div>\n\t\t<div class=\"elementor-element elementor-element-5d3ae87 e-con-full e-flex e-con e-child\" data-id=\"5d3ae87\" data-element_type=\"container\">\n\t\t<div class=\"elementor-element elementor-element-9c2f399 e-con-full e-flex e-con e-child\" data-id=\"9c2f399\" data-element_type=\"container\" data-settings=\"{&quot;background_background&quot;:&quot;classic&quot;}\">\n\t\t\t\t<div class=\"elementor-element elementor-element-1fcea93 elementor--h-position-center elementor--v-position-middle elementor-arrows-position-inside elementor-pagination-position-inside elementor-widget elementor-widget-slides\" data-id=\"1fcea93\" data-element_type=\"widget\" data-settings=\"{&quot;transition&quot;:&quot;fade&quot;,&quot;navigation&quot;:&quot;both&quot;,&quot;infinite&quot;:&quot;yes&quot;,&quot;transition_speed&quot;:500}\" data-widget_type=\"slides.default\">\n\t\t\t\t\t\t\t\t\t\t<div class=\"elementor-slides-wrapper elementor-main-swiper swiper\" role=\"region\" aria-roledescription=\"carousel\" aria-label=\"Slides\" dir=\"ltr\" data-animation=\"fadeInUp\">\n\t\t\t\t<div class=\"swiper-wrapper elementor-slides\">\n\t\t\t\t\t\t\t\t\t\t<div class=\"elementor-repeater-item-0c53cde swiper-slide\" role=\"group\" aria-roledescription=\"slide\"><div class=\"swiper-slide-bg\" role=\"img\"><\/div><div class=\"swiper-slide-inner\" ><div class=\"swiper-slide-contents\"><\/div><\/div><\/div>\t\t\t\t<\/div>\n\t\t\t\t\t\t\t<\/div>\n\t\t\t\t\t\t\t\t<\/div>\n\t\t\t\t<\/div>\n\t\t<div class=\"elementor-element elementor-element-3b3845f e-con-full e-flex e-con e-child\" data-id=\"3b3845f\" data-element_type=\"container\">\n\t\t<div class=\"elementor-element elementor-element-5da777f e-con-full e-flex e-con e-child\" data-id=\"5da777f\" data-element_type=\"container\">\n\t\t\t\t<div class=\"elementor-element elementor-element-de15957 elementor-widget elementor-widget-heading\" data-id=\"de15957\" data-element_type=\"widget\" data-widget_type=\"heading.default\">\n\t\t\t\t\t<h3 class=\"elementor-heading-title elementor-size-default\">Schwierigkeit\n<\/h3>\t\t\t\t<\/div>\n\t\t\t\t<div class=\"elementor-element elementor-element-2f1cc75 elementor-widget elementor-widget-text-editor\" data-id=\"2f1cc75\" data-element_type=\"widget\" data-widget_type=\"text-editor.default\">\n\t\t\t\t\t\t\t\t\tRote Strecke.\n\n\t\t\t\t\t\t\t\t<\/div>\n\t\t\t\t<\/div>\n\t\t<div class=\"elementor-element elementor-element-39fc2b9 e-con-full e-flex e-con e-child\" data-id=\"39fc2b9\" data-element_type=\"container\">\n\t\t\t\t<div class=\"elementor-element elementor-element-21662a6 elementor-widget elementor-widget-heading\" data-id=\"21662a6\" data-element_type=\"widget\" data-widget_type=\"heading.default\">\n\t\t\t\t\t<h3 class=\"elementor-heading-title elementor-size-default\">\u00d6ffnungszeiten\n<\/h3>\t\t\t\t<\/div>\n\t\t\t\t<div class=\"elementor-element elementor-element-630c6af elementor-widget elementor-widget-text-editor\" data-id=\"630c6af\" data-element_type=\"widget\" data-widget_type=\"text-editor.default\">\n\t\t\t\t\t\t\t\t\t<div class=\"elementor-element elementor-element-f5fa8be elementor-widget elementor-widget-text-editor\" data-id=\"f5fa8be\" data-element_type=\"widget\" data-widget_type=\"text-editor.default\"><div class=\"elementor-widget-container\"><p>Die \u00d6ffnungszeiten vom Bikepark Wiriehorn findest du\u00a0<a href=\"http:\/\/wiriehornbahn.ch\/\">hier<\/a>.<\/p><\/div><\/div><div class=\"elementor-element elementor-element-a51ebe1 elementor-widget elementor-widget-heading\" data-id=\"a51ebe1\" data-element_type=\"widget\" data-widget_type=\"heading.default\"><div class=\"elementor-widget-container\">\u00a0<\/div><\/div>\t\t\t\t\t\t\t\t<\/div>\n\t\t\t\t<\/div>\n\t\t<div class=\"elementor-element elementor-element-c732ab0 e-con-full e-flex e-con e-child\" data-id=\"c732ab0\" data-element_type=\"container\">\n\t\t\t\t<div class=\"elementor-element elementor-element-67e11f8 elementor-widget elementor-widget-heading\" data-id=\"67e11f8\" data-element_type=\"widget\" data-widget_type=\"heading.default\">\n\t\t\t\t\t<h3 class=\"elementor-heading-title elementor-size-default\">Transportm\u00f6glichkeiten\n<\/h3>\t\t\t\t<\/div>\n\t\t\t\t<div class=\"elementor-element elementor-element-f35efea elementor-widget elementor-widget-text-editor\" data-id=\"f35efea\" data-element_type=\"widget\" data-widget_type=\"text-editor.default\">\n\t\t\t\t\t\t\t\t\t<p>Mit der Sesselbahn gehts schnell und ganz ohne Schweiss hoch zum Start der Strecken vom Bikepark Wiriehorn.<\/p>\t\t\t\t\t\t\t\t<\/div>\n\t\t\t\t<\/div>\n\t\t<div class=\"elementor-element elementor-element-52a4025 e-con-full e-flex e-con e-child\" data-id=\"52a4025\" data-element_type=\"container\">\n\t\t\t\t<div class=\"elementor-element elementor-element-92ba811 elementor-widget elementor-widget-heading\" data-id=\"92ba811\" data-element_type=\"widget\" data-widget_type=\"heading.default\">\n\t\t\t\t\t<h3 class=\"elementor-heading-title elementor-size-default\">Zufahrt und Parkpl\u00e4tze\n<\/h3>\t\t\t\t<\/div>\n\t\t\t\t<div class=\"elementor-element elementor-element-5c2cc13 elementor-widget elementor-widget-text-editor\" data-id=\"5c2cc13\" data-element_type=\"widget\" data-widget_type=\"text-editor.default\">\n\t\t\t\t\t\t\t\t\tMit dem Auto oder dem Postauto bis zur Talstation Riedli der Wiriehornbahnen. Es sind gen\u00fcgend Parkpl\u00e4tze bei der Talsation vorhanden.\n\n\t\t\t\t\t\t\t\t<\/div>\n\t\t\t\t<\/div>\n\t\t\t\t<\/div>\n\t\t\t\t<\/div>\n\t\t<div class=\"elementor-element elementor-element-fab0966 e-con-full e-flex e-con e-child\" data-id=\"fab0966\" data-element_type=\"container\" data-settings=\"{&quot;background_background&quot;:&quot;classic&quot;}\">\n\t\t\t\t<div class=\"elementor-element elementor-element-631f4d8 elementor-widget elementor-widget-shortcode\" data-id=\"631f4d8\" data-element_type=\"widget\" data-widget_type=\"shortcode.default\">\n\t\t\t\t\t\t\t<div class=\"elementor-shortcode\"><iframe width=\"100%\" height=\"500\" frameborder=\"0\" src=\"https:\/\/www.trailforks.com\/widgets\/trail\/?trailid=226318&amp;w=100%&amp;h=350px&amp;activitytype=1&amp;map=1&amp;basemap=trailforks&amp;elevation=1&amp;photos=0&amp;title=1&amp;info=1&amp;trail_opacity=7&amp;v=2&amp;basicmap=1\"><\/iframe><\/div>\n\t\t\t\t\t\t<\/div>\n\t\t\t\t<\/div>\n\t\t\t\t\t<\/div>\n\t\t\t\t<\/div>\n\t\t\t\t<\/div>\n\t\t\t\t<\/div>\n\t\t","protected":false},"excerpt":{"rendered":"<p>Trails &amp; Infrastrukturen OLD T-BAR TRAIL &#8211; WIRIEHORN F\u00fcr alle, die es gerne etwas gem\u00fctlicher angehen lassen, und nicht nur auf der Downhill-Strecke shredden wollen und dennoch nicht auf Airtime und Flow verzichten m\u00f6chten, ist der Old T-Bar Trail genau das Richtige! Der Old T-Bar Trail \u00fcberzeugt mit seinem geschmeidigen Flow und ist von oben [&hellip;]<\/p>\n","protected":false},"author":1,"featured_media":0,"parent":18,"menu_order":0,"comment_status":"closed","ping_status":"closed","template":"","meta":{"_acf_changed":false,"inline_featured_image":false,"footnotes":""},"class_list":["post-1564","page","type-page","status-publish","hentry"],"acf":[],"_links":{"self":[{"href":"https:\/\/bikeparkthunersee.devstudio.work\/index.php\/wp-json\/wp\/v2\/pages\/1564","targetHints":{"allow":["GET"]}}],"collection":[{"href":"https:\/\/bikeparkthunersee.devstudio.work\/index.php\/wp-json\/wp\/v2\/pages"}],"about":[{"href":"https:\/\/bikeparkthunersee.devstudio.work\/index.php\/wp-json\/wp\/v2\/types\/page"}],"author":[{"embeddable":true,"href":"https:\/\/bikeparkthunersee.devstudio.work\/index.php\/wp-json\/wp\/v2\/users\/1"}],"replies":[{"embeddable":true,"href":"https:\/\/bikeparkthunersee.devstudio.work\/index.php\/wp-json\/wp\/v2\/comments?post=1564"}],"version-history":[{"count":35,"href":"https:\/\/bikeparkthunersee.devstudio.work\/index.php\/wp-json\/wp\/v2\/pages\/1564\/revisions"}],"predecessor-version":[{"id":2918,"href":"https:\/\/bikeparkthunersee.devstudio.work\/index.php\/wp-json\/wp\/v2\/pages\/1564\/revisions\/2918"}],"up":[{"embeddable":true,"href":"https:\/\/bikeparkthunersee.devstudio.work\/index.php\/wp-json\/wp\/v2\/pages\/18"}],"wp:attachment":[{"href":"https:\/\/bikeparkthunersee.devstudio.work\/index.php\/wp-json\/wp\/v2\/media?parent=1564"}],"curies":[{"name":"wp","href":"https:\/\/api.w.org\/{rel}","templated":true}]}}