{"id":22,"date":"2025-07-16T06:12:12","date_gmt":"2025-07-16T06:12:12","guid":{"rendered":"https:\/\/bikeparkthunersee.devstudio.work\/?page_id=22"},"modified":"2025-12-05T08:42:38","modified_gmt":"2025-12-05T08:42:38","slug":"services","status":"publish","type":"page","link":"https:\/\/bikeparkthunersee.devstudio.work\/index.php\/services\/","title":{"rendered":"Services"},"content":{"rendered":"\t\t<div data-elementor-type=\"wp-page\" data-elementor-id=\"22\" class=\"elementor elementor-22\" data-elementor-post-type=\"page\">\n\t\t\t\t<div class=\"elementor-element elementor-element-dc1f60b e-con-full cstom-banner e-flex e-con e-parent\" data-id=\"dc1f60b\" data-element_type=\"container\" data-settings=\"{&quot;background_background&quot;:&quot;classic&quot;}\">\n\t\t<div class=\"elementor-element elementor-element-062122e e-flex e-con-boxed e-con e-child\" data-id=\"062122e\" data-element_type=\"container\">\n\t\t\t\t\t<div class=\"e-con-inner\">\n\t\t<div class=\"elementor-element elementor-element-236793f e-con-full e-flex e-con e-child\" data-id=\"236793f\" data-element_type=\"container\">\n\t\t\t\t<div class=\"elementor-element elementor-element-62a1151 elementor-widget__width-auto elementor-widget-mobile__width-auto elementor-widget elementor-widget-heading\" data-id=\"62a1151\" data-element_type=\"widget\" data-widget_type=\"heading.default\">\n\t\t\t\t\t<h5 class=\"elementor-heading-title elementor-size-default\">Services<\/h5>\t\t\t\t<\/div>\n\t\t\t\t<div class=\"elementor-element elementor-element-2e4a391 elementor-widget__width-initial elementor-headline--style-highlight elementor-widget elementor-widget-animated-headline\" data-id=\"2e4a391\" data-element_type=\"widget\" data-settings=\"{&quot;highlighted_text&quot;:&quot;SERVICE PARTNER&quot;,&quot;headline_style&quot;:&quot;highlight&quot;,&quot;marker&quot;:&quot;circle&quot;,&quot;loop&quot;:&quot;yes&quot;,&quot;highlight_animation_duration&quot;:1200,&quot;highlight_iteration_delay&quot;:8000}\" data-widget_type=\"animated-headline.default\">\n\t\t\t\t\t\t\t<h1 class=\"elementor-headline\">\n\t\t\t\t\t<span class=\"elementor-headline-plain-text elementor-headline-text-wrapper\">UNSERE <\/span>\n\t\t\t\t<span class=\"elementor-headline-dynamic-wrapper elementor-headline-text-wrapper\">\n\t\t\t\t\t<span class=\"elementor-headline-dynamic-text elementor-headline-text-active\">SERVICE PARTNER<\/span>\n\t\t\t\t<\/span>\n\t\t\t\t<\/h1>\n\t\t\t\t\t\t<\/div>\n\t\t\t\t<div class=\"elementor-element elementor-element-f6ff030 elementor-widget__width-initial elementor-widget elementor-widget-text-editor\" data-id=\"f6ff030\" data-element_type=\"widget\" data-widget_type=\"text-editor.default\">\n\t\t\t\t\t\t\t\t\t<p>Hier findest unsere Partnershops, Eat &amp; Drink Partner und Guides rund um den Bikepark Thunersee<\/p>\t\t\t\t\t\t\t\t<\/div>\n\t\t\t\t<\/div>\n\t\t\t\t\t<\/div>\n\t\t\t\t<\/div>\n\t\t\t\t<\/div>\n\t\t<div class=\"elementor-element elementor-element-70cdf60 e-con-full e-flex e-con e-parent\" data-id=\"70cdf60\" data-element_type=\"container\" data-settings=\"{&quot;background_background&quot;:&quot;classic&quot;}\">\n\t\t<div class=\"elementor-element elementor-element-a68ae29 e-flex e-con-boxed e-con e-child\" data-id=\"a68ae29\" data-element_type=\"container\">\n\t\t\t\t\t<div class=\"e-con-inner\">\n\t\t<div class=\"elementor-element elementor-element-08e8bfb e-con-full cstom-full e-flex e-con e-child\" data-id=\"08e8bfb\" data-element_type=\"container\">\n\t\t\t\t<div class=\"elementor-element elementor-element-77f955d elementor-widget elementor-widget-image\" data-id=\"77f955d\" data-element_type=\"widget\" data-widget_type=\"image.default\">\n\t\t\t\t\t\t\t\t\t\t\t\t\t\t\t<img fetchpriority=\"high\" decoding=\"async\" width=\"1920\" height=\"1280\" src=\"https:\/\/bikeparkthunersee.devstudio.work\/wp-content\/uploads\/2025\/07\/workshop.webp\" class=\"attachment-full size-full wp-image-456 not-transparent\" alt=\"\" srcset=\"https:\/\/bikeparkthunersee.devstudio.work\/wp-content\/uploads\/2025\/07\/workshop.webp 1920w, https:\/\/bikeparkthunersee.devstudio.work\/wp-content\/uploads\/2025\/07\/workshop-300x200.webp 300w, https:\/\/bikeparkthunersee.devstudio.work\/wp-content\/uploads\/2025\/07\/workshop-1024x683.webp 1024w, https:\/\/bikeparkthunersee.devstudio.work\/wp-content\/uploads\/2025\/07\/workshop-768x512.webp 768w, https:\/\/bikeparkthunersee.devstudio.work\/wp-content\/uploads\/2025\/07\/workshop-1536x1024.webp 1536w\" sizes=\"(max-width: 1920px) 100vw, 1920px\" data-has-transparency=\"false\" data-dominant-color=\"6d665c\" style=\"--dominant-color: #6d665c\" \/>\t\t\t\t\t\t\t\t\t\t\t\t\t\t\t<\/div>\n\t\t\t\t<\/div>\n\t\t<div class=\"elementor-element elementor-element-1d24e10 e-con-full cstom-full e-flex e-con e-child\" data-id=\"1d24e10\" data-element_type=\"container\">\n\t\t\t\t<div class=\"elementor-element elementor-element-82d6b70 elementor-headline--style-highlight elementor-widget elementor-widget-animated-headline\" data-id=\"82d6b70\" data-element_type=\"widget\" data-settings=\"{&quot;marker&quot;:&quot;x&quot;,&quot;highlighted_text&quot;:&quot;PARTNER SHOPS&quot;,&quot;highlight_animation_duration&quot;:0,&quot;headline_style&quot;:&quot;highlight&quot;}\" data-widget_type=\"animated-headline.default\">\n\t\t\t\t\t\t\t<h2 class=\"elementor-headline\">\n\t\t\t\t\t<span class=\"elementor-headline-plain-text elementor-headline-text-wrapper\">UNSERE<\/span>\n\t\t\t\t<span class=\"elementor-headline-dynamic-wrapper elementor-headline-text-wrapper\">\n\t\t\t\t\t<span class=\"elementor-headline-dynamic-text elementor-headline-text-active\">PARTNER SHOPS<\/span>\n\t\t\t\t<\/span>\n\t\t\t\t<\/h2>\n\t\t\t\t\t\t<\/div>\n\t\t\t\t<div class=\"elementor-element elementor-element-ab56d76 elementor-widget__width-initial elementor-widget elementor-widget-text-editor\" data-id=\"ab56d76\" data-element_type=\"widget\" data-widget_type=\"text-editor.default\">\n\t\t\t\t\t\t\t\t\t<p>Du brauchst Hilfe rund um das Thema Bike? Support your local Bikeshop! Bitte ber\u00fccksichtige bei dem Kauf von einem neuen Bike oder bei einer Reparatur einen von unseren Partner Shops. Ohne diesen lokalen Support w\u00e4re der Bikepark Thunersee nicht da wo er jetzt ist.<\/p>\t\t\t\t\t\t\t\t<\/div>\n\t\t\t\t<div class=\"elementor-element elementor-element-e95a011 elementor-widget elementor-widget-button\" data-id=\"e95a011\" data-element_type=\"widget\" data-widget_type=\"button.default\">\n\t\t\t\t\t\t\t\t\t\t<a class=\"elementor-button elementor-button-link elementor-size-sm\" href=\"https:\/\/bikeparkthunersee.devstudio.work\/index.php\/services\/partnershops\/\">\n\t\t\t\t\t\t<span class=\"elementor-button-content-wrapper\">\n\t\t\t\t\t\t<span class=\"elementor-button-icon\">\n\t\t\t\t<svg aria-hidden=\"true\" class=\"e-font-icon-svg e-fas-arrow-right\" viewBox=\"0 0 448 512\" xmlns=\"http:\/\/www.w3.org\/2000\/svg\"><path d=\"M190.5 66.9l22.2-22.2c9.4-9.4 24.6-9.4 33.9 0L441 239c9.4 9.4 9.4 24.6 0 33.9L246.6 467.3c-9.4 9.4-24.6 9.4-33.9 0l-22.2-22.2c-9.5-9.5-9.3-25 .4-34.3L311.4 296H24c-13.3 0-24-10.7-24-24v-32c0-13.3 10.7-24 24-24h287.4L190.9 101.2c-9.8-9.3-10-24.8-.4-34.3z\"><\/path><\/svg>\t\t\t<\/span>\n\t\t\t\t\t\t\t\t\t<span class=\"elementor-button-text\">Mehr Erfahren<\/span>\n\t\t\t\t\t<\/span>\n\t\t\t\t\t<\/a>\n\t\t\t\t\t\t\t\t<\/div>\n\t\t\t\t<\/div>\n\t\t\t\t\t<\/div>\n\t\t\t\t<\/div>\n\t\t\t\t<\/div>\n\t\t<div class=\"elementor-element elementor-element-5ede745 e-con-full e-flex e-con e-parent\" data-id=\"5ede745\" data-element_type=\"container\" data-settings=\"{&quot;background_background&quot;:&quot;classic&quot;}\">\n\t\t<div class=\"elementor-element elementor-element-b233787 e-flex e-con-boxed e-con e-child\" data-id=\"b233787\" data-element_type=\"container\">\n\t\t\t\t\t<div class=\"e-con-inner\">\n\t\t<div class=\"elementor-element elementor-element-90d65cf e-con-full cstom-full e-flex e-con e-child\" data-id=\"90d65cf\" data-element_type=\"container\">\n\t\t\t\t<div class=\"elementor-element elementor-element-8f65989 elementor-headline--style-highlight elementor-widget elementor-widget-animated-headline\" data-id=\"8f65989\" data-element_type=\"widget\" data-settings=\"{&quot;marker&quot;:&quot;x&quot;,&quot;highlighted_text&quot;:&quot; &amp; GUIDES&quot;,&quot;highlight_animation_duration&quot;:0,&quot;headline_style&quot;:&quot;highlight&quot;}\" data-widget_type=\"animated-headline.default\">\n\t\t\t\t\t\t\t<h2 class=\"elementor-headline\">\n\t\t\t\t\t<span class=\"elementor-headline-plain-text elementor-headline-text-wrapper\">BIKE SCHOOLS <\/span>\n\t\t\t\t<span class=\"elementor-headline-dynamic-wrapper elementor-headline-text-wrapper\">\n\t\t\t\t\t<span class=\"elementor-headline-dynamic-text elementor-headline-text-active\"> &amp; GUIDES<\/span>\n\t\t\t\t<\/span>\n\t\t\t\t<\/h2>\n\t\t\t\t\t\t<\/div>\n\t\t\t\t<div class=\"elementor-element elementor-element-857ce8f elementor-widget elementor-widget-text-editor\" data-id=\"857ce8f\" data-element_type=\"widget\" data-widget_type=\"text-editor.default\">\n\t\t\t\t\t\t\t\t\t<p>Du m\u00f6chtest deine Bike-Skills verbessern, erste Erfahrungen auf dem Bike sammeln oder suchst professionelles Guiding in unserer wundersch\u00f6nen Bikeregion? Hier findest du unsere Partner-Bikeschulen &amp; Guides, sie freuen sich auf deine Kontaktaufnahme.<\/p>\t\t\t\t\t\t\t\t<\/div>\n\t\t\t\t<div class=\"elementor-element elementor-element-33051a8 elementor-widget elementor-widget-button\" data-id=\"33051a8\" data-element_type=\"widget\" data-widget_type=\"button.default\">\n\t\t\t\t\t\t\t\t\t\t<a class=\"elementor-button elementor-button-link elementor-size-sm\" href=\"https:\/\/bikeparkthunersee.devstudio.work\/index.php\/services\/bikeschools-guides\/\">\n\t\t\t\t\t\t<span class=\"elementor-button-content-wrapper\">\n\t\t\t\t\t\t<span class=\"elementor-button-icon\">\n\t\t\t\t<svg aria-hidden=\"true\" class=\"e-font-icon-svg e-fas-arrow-right\" viewBox=\"0 0 448 512\" xmlns=\"http:\/\/www.w3.org\/2000\/svg\"><path d=\"M190.5 66.9l22.2-22.2c9.4-9.4 24.6-9.4 33.9 0L441 239c9.4 9.4 9.4 24.6 0 33.9L246.6 467.3c-9.4 9.4-24.6 9.4-33.9 0l-22.2-22.2c-9.5-9.5-9.3-25 .4-34.3L311.4 296H24c-13.3 0-24-10.7-24-24v-32c0-13.3 10.7-24 24-24h287.4L190.9 101.2c-9.8-9.3-10-24.8-.4-34.3z\"><\/path><\/svg>\t\t\t<\/span>\n\t\t\t\t\t\t\t\t\t<span class=\"elementor-button-text\">Mehr Erfahren<\/span>\n\t\t\t\t\t<\/span>\n\t\t\t\t\t<\/a>\n\t\t\t\t\t\t\t\t<\/div>\n\t\t\t\t<\/div>\n\t\t<div class=\"elementor-element elementor-element-887130c e-con-full cstom-full e-flex e-con e-child\" data-id=\"887130c\" data-element_type=\"container\">\n\t\t\t\t<div class=\"elementor-element elementor-element-14c549d elementor-widget elementor-widget-image\" data-id=\"14c549d\" data-element_type=\"widget\" data-widget_type=\"image.default\">\n\t\t\t\t\t\t\t\t\t\t\t\t\t\t\t<img decoding=\"async\" width=\"2560\" height=\"1707\" src=\"https:\/\/bikeparkthunersee.devstudio.work\/wp-content\/uploads\/2025\/07\/Opening-Goldiwheel-36-scaled-1.jpeg\" class=\"attachment-full size-full wp-image-463 not-transparent\" alt=\"\" srcset=\"https:\/\/bikeparkthunersee.devstudio.work\/wp-content\/uploads\/2025\/07\/Opening-Goldiwheel-36-scaled-1.jpeg 2560w, https:\/\/bikeparkthunersee.devstudio.work\/wp-content\/uploads\/2025\/07\/Opening-Goldiwheel-36-scaled-1-300x200.jpeg 300w, https:\/\/bikeparkthunersee.devstudio.work\/wp-content\/uploads\/2025\/07\/Opening-Goldiwheel-36-scaled-1-1024x683.jpeg 1024w, https:\/\/bikeparkthunersee.devstudio.work\/wp-content\/uploads\/2025\/07\/Opening-Goldiwheel-36-scaled-1-768x512.jpeg 768w, https:\/\/bikeparkthunersee.devstudio.work\/wp-content\/uploads\/2025\/07\/Opening-Goldiwheel-36-scaled-1-1536x1024.jpeg 1536w, https:\/\/bikeparkthunersee.devstudio.work\/wp-content\/uploads\/2025\/07\/Opening-Goldiwheel-36-scaled-1-2048x1366.jpeg 2048w\" sizes=\"(max-width: 2560px) 100vw, 2560px\" data-has-transparency=\"false\" data-dominant-color=\"313a36\" style=\"--dominant-color: #313a36\" \/>\t\t\t\t\t\t\t\t\t\t\t\t\t\t\t<\/div>\n\t\t\t\t<\/div>\n\t\t\t\t\t<\/div>\n\t\t\t\t<\/div>\n\t\t\t\t<\/div>\n\t\t<div class=\"elementor-element elementor-element-00d9e08 e-con-full e-flex e-con e-parent\" data-id=\"00d9e08\" data-element_type=\"container\" data-settings=\"{&quot;background_background&quot;:&quot;classic&quot;}\">\n\t\t<div class=\"elementor-element elementor-element-af1dd3d e-flex e-con-boxed e-con e-child\" data-id=\"af1dd3d\" data-element_type=\"container\">\n\t\t\t\t\t<div class=\"e-con-inner\">\n\t\t<div class=\"elementor-element elementor-element-271f18a e-con-full cstom-full e-flex e-con e-child\" data-id=\"271f18a\" data-element_type=\"container\">\n\t\t\t\t<div class=\"elementor-element elementor-element-95b1303 elementor-widget elementor-widget-image\" data-id=\"95b1303\" data-element_type=\"widget\" data-widget_type=\"image.default\">\n\t\t\t\t\t\t\t\t\t\t\t\t\t\t\t<img decoding=\"async\" width=\"2560\" height=\"1706\" src=\"https:\/\/bikeparkthunersee.devstudio.work\/wp-content\/uploads\/2025\/07\/Preview-V2-Intercycle-Thunersee-45-von-45-scaled-1.jpeg\" class=\"attachment-full size-full wp-image-497 not-transparent\" alt=\"\" srcset=\"https:\/\/bikeparkthunersee.devstudio.work\/wp-content\/uploads\/2025\/07\/Preview-V2-Intercycle-Thunersee-45-von-45-scaled-1.jpeg 2560w, https:\/\/bikeparkthunersee.devstudio.work\/wp-content\/uploads\/2025\/07\/Preview-V2-Intercycle-Thunersee-45-von-45-scaled-1-300x200.jpeg 300w, https:\/\/bikeparkthunersee.devstudio.work\/wp-content\/uploads\/2025\/07\/Preview-V2-Intercycle-Thunersee-45-von-45-scaled-1-1024x682.jpeg 1024w, https:\/\/bikeparkthunersee.devstudio.work\/wp-content\/uploads\/2025\/07\/Preview-V2-Intercycle-Thunersee-45-von-45-scaled-1-768x512.jpeg 768w, https:\/\/bikeparkthunersee.devstudio.work\/wp-content\/uploads\/2025\/07\/Preview-V2-Intercycle-Thunersee-45-von-45-scaled-1-1536x1024.jpeg 1536w, https:\/\/bikeparkthunersee.devstudio.work\/wp-content\/uploads\/2025\/07\/Preview-V2-Intercycle-Thunersee-45-von-45-scaled-1-2048x1365.jpeg 2048w\" sizes=\"(max-width: 2560px) 100vw, 2560px\" data-has-transparency=\"false\" data-dominant-color=\"ad9b8a\" style=\"--dominant-color: #ad9b8a\" \/>\t\t\t\t\t\t\t\t\t\t\t\t\t\t\t<\/div>\n\t\t\t\t<\/div>\n\t\t<div class=\"elementor-element elementor-element-6bb37ce e-con-full cstom-full e-flex e-con e-child\" data-id=\"6bb37ce\" data-element_type=\"container\">\n\t\t\t\t<div class=\"elementor-element elementor-element-a1ce2eb elementor-headline--style-highlight elementor-widget elementor-widget-animated-headline\" data-id=\"a1ce2eb\" data-element_type=\"widget\" data-settings=\"{&quot;marker&quot;:&quot;x&quot;,&quot;highlighted_text&quot;:&quot;&amp; SLEEP&quot;,&quot;highlight_animation_duration&quot;:0,&quot;headline_style&quot;:&quot;highlight&quot;}\" data-widget_type=\"animated-headline.default\">\n\t\t\t\t\t\t\t<h2 class=\"elementor-headline\">\n\t\t\t\t\t<span class=\"elementor-headline-plain-text elementor-headline-text-wrapper\">EAT, DRINK <\/span>\n\t\t\t\t<span class=\"elementor-headline-dynamic-wrapper elementor-headline-text-wrapper\">\n\t\t\t\t\t<span class=\"elementor-headline-dynamic-text elementor-headline-text-active\">&amp; SLEEP<\/span>\n\t\t\t\t<\/span>\n\t\t\t\t<\/h2>\n\t\t\t\t\t\t<\/div>\n\t\t\t\t<div class=\"elementor-element elementor-element-de62c7a elementor-widget__width-initial elementor-widget elementor-widget-text-editor\" data-id=\"de62c7a\" data-element_type=\"widget\" data-widget_type=\"text-editor.default\">\n\t\t\t\t\t\t\t\t\t<p>Anbei findest du ausgew\u00e4hlte Partnerbetriebe welche unseren Verein unterst\u00fctzen und vor allem auch ihr Angebot auf die Bed\u00fcrfnisse von Biker*innen ausrichten. Das Angebot wird laufend erweitert.<\/p>\t\t\t\t\t\t\t\t<\/div>\n\t\t\t\t<div class=\"elementor-element elementor-element-af7e542 elementor-widget elementor-widget-button\" data-id=\"af7e542\" data-element_type=\"widget\" data-widget_type=\"button.default\">\n\t\t\t\t\t\t\t\t\t\t<a class=\"elementor-button elementor-button-link elementor-size-sm\" href=\"https:\/\/bikeparkthunersee.devstudio.work\/index.php\/services\/eat-drink-sleep\/\">\n\t\t\t\t\t\t<span class=\"elementor-button-content-wrapper\">\n\t\t\t\t\t\t<span class=\"elementor-button-icon\">\n\t\t\t\t<svg aria-hidden=\"true\" class=\"e-font-icon-svg e-fas-arrow-right\" viewBox=\"0 0 448 512\" xmlns=\"http:\/\/www.w3.org\/2000\/svg\"><path d=\"M190.5 66.9l22.2-22.2c9.4-9.4 24.6-9.4 33.9 0L441 239c9.4 9.4 9.4 24.6 0 33.9L246.6 467.3c-9.4 9.4-24.6 9.4-33.9 0l-22.2-22.2c-9.5-9.5-9.3-25 .4-34.3L311.4 296H24c-13.3 0-24-10.7-24-24v-32c0-13.3 10.7-24 24-24h287.4L190.9 101.2c-9.8-9.3-10-24.8-.4-34.3z\"><\/path><\/svg>\t\t\t<\/span>\n\t\t\t\t\t\t\t\t\t<span class=\"elementor-button-text\">Mehr Erfahren<\/span>\n\t\t\t\t\t<\/span>\n\t\t\t\t\t<\/a>\n\t\t\t\t\t\t\t\t<\/div>\n\t\t\t\t<\/div>\n\t\t\t\t\t<\/div>\n\t\t\t\t<\/div>\n\t\t\t\t<\/div>\n\t\t<div class=\"elementor-element elementor-element-bc23917 e-con-full elementor-hidden-desktop elementor-hidden-laptop elementor-hidden-tablet elementor-hidden-mobile e-flex e-con e-parent\" data-id=\"bc23917\" data-element_type=\"container\" data-settings=\"{&quot;background_background&quot;:&quot;classic&quot;}\">\n\t\t<div class=\"elementor-element elementor-element-b91cebd e-flex e-con-boxed e-con e-child\" data-id=\"b91cebd\" data-element_type=\"container\" data-settings=\"{&quot;background_background&quot;:&quot;classic&quot;}\">\n\t\t\t\t\t<div class=\"e-con-inner\">\n\t\t<div class=\"elementor-element elementor-element-aa28815 e-con-full e-flex e-con e-child\" data-id=\"aa28815\" data-element_type=\"container\" data-settings=\"{&quot;background_background&quot;:&quot;classic&quot;}\">\n\t\t<div class=\"elementor-element elementor-element-eb5897f e-con-full e-flex e-con e-child\" data-id=\"eb5897f\" data-element_type=\"container\">\n\t\t\t\t<div class=\"elementor-element elementor-element-6c41225 elementor-widget elementor-widget-heading\" data-id=\"6c41225\" data-element_type=\"widget\" data-widget_type=\"heading.default\">\n\t\t\t\t\t<h2 class=\"elementor-heading-title elementor-size-default\">Newsletter<\/h2>\t\t\t\t<\/div>\n\t\t\t\t<div class=\"elementor-element elementor-element-4e44bd9 elementor-widget elementor-widget-text-editor\" data-id=\"4e44bd9\" data-element_type=\"widget\" data-widget_type=\"text-editor.default\">\n\t\t\t\t\t\t\t\t\t<p>Bleib auf dem laufenden. Wir informieren ca. monatlich \u00fcber aktuelle Themen rund um den Bikepark Thunersee.<\/p>\t\t\t\t\t\t\t\t<\/div>\n\t\t\t\t<\/div>\n\t\t<div class=\"elementor-element elementor-element-4aef70d e-con-full e-flex e-con e-child\" data-id=\"4aef70d\" data-element_type=\"container\">\n\t\t\t\t<div class=\"elementor-element elementor-element-de1115b elementor-widget__width-initial elementor-button-align-stretch elementor-widget elementor-widget-form\" data-id=\"de1115b\" data-element_type=\"widget\" data-settings=\"{&quot;step_next_label&quot;:&quot;Next&quot;,&quot;step_previous_label&quot;:&quot;Previous&quot;,&quot;button_width&quot;:&quot;33&quot;,&quot;button_width_laptop&quot;:&quot;33&quot;,&quot;button_width_tablet&quot;:&quot;100&quot;,&quot;step_type&quot;:&quot;number_text&quot;,&quot;step_icon_shape&quot;:&quot;circle&quot;}\" data-widget_type=\"form.default\">\n\t\t\t\t\t\t\t<form class=\"elementor-form\" method=\"post\" name=\"New Form\" aria-label=\"New Form\">\n\t\t\t<input type=\"hidden\" name=\"post_id\" value=\"22\"\/>\n\t\t\t<input type=\"hidden\" name=\"form_id\" value=\"de1115b\"\/>\n\t\t\t<input type=\"hidden\" name=\"referer_title\" value=\"\" \/>\n\n\t\t\t\n\t\t\t<div class=\"elementor-form-fields-wrapper elementor-labels-above\">\n\t\t\t\t\t\t\t\t<div class=\"elementor-field-type-text elementor-field-group elementor-column elementor-field-group-name elementor-col-33 elementor-md-50 elementor-field-required elementor-mark-required\">\n\t\t\t\t\t\t\t\t\t\t\t\t\t<input size=\"1\" type=\"text\" name=\"form_fields[name]\" id=\"form-field-name\" class=\"elementor-field elementor-size-lg  elementor-field-textual\" placeholder=\"Name\" required=\"required\">\n\t\t\t\t\t\t\t\t\t\t\t<\/div>\n\t\t\t\t\t\t\t\t<div class=\"elementor-field-type-email elementor-field-group elementor-column elementor-field-group-email elementor-col-33 elementor-md-50 elementor-field-required elementor-mark-required\">\n\t\t\t\t\t\t\t\t\t\t\t\t\t<input size=\"1\" type=\"email\" name=\"form_fields[email]\" id=\"form-field-email\" class=\"elementor-field elementor-size-lg  elementor-field-textual\" placeholder=\"Email\" required=\"required\">\n\t\t\t\t\t\t\t\t\t\t\t<\/div>\n\t\t\t\t\t\t\t\t<div class=\"elementor-field-group elementor-column elementor-field-type-submit elementor-col-33 e-form__buttons elementor-md-100\">\n\t\t\t\t\t<button class=\"elementor-button elementor-size-lg\" type=\"submit\">\n\t\t\t\t\t\t<span class=\"elementor-button-content-wrapper\">\n\t\t\t\t\t\t\t\t\t\t\t\t\t\t\t<span class=\"elementor-button-icon\">\n\t\t\t\t\t\t\t\t\t<svg xmlns=\"http:\/\/www.w3.org\/2000\/svg\" width=\"15\" height=\"14\" viewBox=\"0 0 15 14\" fill=\"none\"><g clip-path=\"url(#clip0_9_428)\"><path d=\"M13.9615 0H1.03846C0.741231 0 0.5 0.241231 0.5 0.538462C0.5 0.835692 0.741231 1.07692 1.03846 1.07692H12.6614L0.657769 13.0808C0.4475 13.2911 0.4475 13.632 0.657769 13.8422C0.763038 13.9475 0.900615 14 1.03846 14C1.17631 14 1.31415 13.9475 1.41915 13.8422L13.4231 1.83831V13.4615C13.4231 13.7588 13.6643 14 13.9615 14C14.2588 14 14.5 13.7588 14.5 13.4615V0.538462C14.5 0.241231 14.2588 0 13.9615 0Z\" fill=\"white\"><\/path><\/g><defs><clipPath id=\"clip0_9_428\"><rect width=\"14\" height=\"14\" fill=\"white\" transform=\"translate(0.5)\"><\/rect><\/clipPath><\/defs><\/svg>\t\t\t\t\t\t\t\t\t\t\t\t\t\t\t\t\t<\/span>\n\t\t\t\t\t\t\t\t\t\t\t\t\t\t\t\t\t\t\t\t\t\t<span class=\"elementor-button-text\">F\u00fcr Newsletter Anmelden<\/span>\n\t\t\t\t\t\t\t\t\t\t\t\t\t<\/span>\n\t\t\t\t\t<\/button>\n\t\t\t\t<\/div>\n\t\t\t<\/div>\n\t\t<\/form>\n\t\t\t\t\t\t<\/div>\n\t\t\t\t<\/div>\n\t\t\t\t<\/div>\n\t\t\t\t\t<\/div>\n\t\t\t\t<\/div>\n\t\t\t\t<\/div>\n\t\t<div class=\"elementor-element elementor-element-e832c76 e-con-full e-flex e-con e-parent\" data-id=\"e832c76\" data-element_type=\"container\" data-settings=\"{&quot;background_background&quot;:&quot;classic&quot;}\">\n\t\t<div class=\"elementor-element elementor-element-1e51045 e-flex e-con-boxed e-con e-child\" data-id=\"1e51045\" data-element_type=\"container\" data-settings=\"{&quot;background_background&quot;:&quot;classic&quot;}\">\n\t\t\t\t\t<div class=\"e-con-inner\">\n\t\t<div class=\"elementor-element elementor-element-f9383e1 e-con-full e-flex e-con e-child\" data-id=\"f9383e1\" data-element_type=\"container\" data-settings=\"{&quot;background_background&quot;:&quot;classic&quot;}\">\n\t\t<div class=\"elementor-element elementor-element-9f2f74f e-con-full e-flex e-con e-child\" data-id=\"9f2f74f\" data-element_type=\"container\">\n\t\t\t\t<div class=\"elementor-element elementor-element-173edce elementor-widget elementor-widget-heading\" data-id=\"173edce\" data-element_type=\"widget\" data-widget_type=\"heading.default\">\n\t\t\t\t\t<h2 class=\"elementor-heading-title elementor-size-default\">Newsletter<\/h2>\t\t\t\t<\/div>\n\t\t\t\t<div class=\"elementor-element elementor-element-b91d286 elementor-widget-tablet__width-initial elementor-widget elementor-widget-text-editor\" data-id=\"b91d286\" data-element_type=\"widget\" data-widget_type=\"text-editor.default\">\n\t\t\t\t\t\t\t\t\t<p>Bleib auf dem laufenden. Wir informieren ca. monatlich \u00fcber aktuelle Themen rund um den Bikepark Thunersee.<\/p>\t\t\t\t\t\t\t\t<\/div>\n\t\t\t\t<\/div>\n\t\t<div class=\"elementor-element elementor-element-a296c81 e-con-full e-flex e-con e-child\" data-id=\"a296c81\" data-element_type=\"container\">\n\t\t\t\t<div class=\"elementor-element elementor-element-78ad7ec cstm-newsletter-form elementor-widget elementor-widget-shortcode\" data-id=\"78ad7ec\" data-element_type=\"widget\" data-widget_type=\"shortcode.default\">\n\t\t\t\t\t\t\t<div class=\"elementor-shortcode\"><script>(function() {\n\twindow.mc4wp = window.mc4wp || {\n\t\tlisteners: [],\n\t\tforms: {\n\t\t\ton: function(evt, cb) {\n\t\t\t\twindow.mc4wp.listeners.push(\n\t\t\t\t\t{\n\t\t\t\t\t\tevent   : evt,\n\t\t\t\t\t\tcallback: cb\n\t\t\t\t\t}\n\t\t\t\t);\n\t\t\t}\n\t\t}\n\t}\n})();\n<\/script><!-- Mailchimp for WordPress v4.10.8 - https:\/\/wordpress.org\/plugins\/mailchimp-for-wp\/ --><form id=\"mc4wp-form-1\" class=\"mc4wp-form mc4wp-form-2537\" method=\"post\" data-id=\"2537\" data-name=\"Newsletter Anmeldung\" ><div class=\"mc4wp-form-fields\"><p>\r\n\t\t<input class=\"cstm-placeholder-newsletter\" type=\"email\" id=\"email\" name=\"EMAIL\" placeholder=\"Your email address\" required>\r\n<\/p>\r\n\r\n<p>\r\n\t<input class=\"cstm-btn-newsletter\" type=\"submit\" value=\"Sign up\">\r\n<\/p><\/div><label style=\"display: none !important;\">Leave this field empty if you're human: <input type=\"text\" name=\"_mc4wp_honeypot\" value=\"\" tabindex=\"-1\" autocomplete=\"off\" \/><\/label><input type=\"hidden\" name=\"_mc4wp_timestamp\" value=\"1776601646\" \/><input type=\"hidden\" name=\"_mc4wp_form_id\" value=\"2537\" \/><input type=\"hidden\" name=\"_mc4wp_form_element_id\" value=\"mc4wp-form-1\" \/><div class=\"mc4wp-response\"><\/div><\/form><!-- \/ Mailchimp for WordPress Plugin --><\/div>\n\t\t\t\t\t\t<\/div>\n\t\t\t\t<\/div>\n\t\t\t\t<\/div>\n\t\t\t\t\t<\/div>\n\t\t\t\t<\/div>\n\t\t\t\t<\/div>\n\t\t\t\t<\/div>\n\t\t","protected":false},"excerpt":{"rendered":"<p>Services UNSERE SERVICE PARTNER Hier findest unsere Partnershops, Eat &amp; Drink Partner und Guides rund um den Bikepark Thunersee UNSERE PARTNER SHOPS Du brauchst Hilfe rund um das Thema Bike? Support your local Bikeshop! Bitte ber\u00fccksichtige bei dem Kauf von einem neuen Bike oder bei einer Reparatur einen von unseren Partner Shops. Ohne diesen lokalen [&hellip;]<\/p>\n","protected":false},"author":1,"featured_media":0,"parent":0,"menu_order":0,"comment_status":"closed","ping_status":"closed","template":"elementor_header_footer","meta":{"_acf_changed":false,"inline_featured_image":false,"footnotes":""},"class_list":["post-22","page","type-page","status-publish","hentry"],"acf":[],"_links":{"self":[{"href":"https:\/\/bikeparkthunersee.devstudio.work\/index.php\/wp-json\/wp\/v2\/pages\/22","targetHints":{"allow":["GET"]}}],"collection":[{"href":"https:\/\/bikeparkthunersee.devstudio.work\/index.php\/wp-json\/wp\/v2\/pages"}],"about":[{"href":"https:\/\/bikeparkthunersee.devstudio.work\/index.php\/wp-json\/wp\/v2\/types\/page"}],"author":[{"embeddable":true,"href":"https:\/\/bikeparkthunersee.devstudio.work\/index.php\/wp-json\/wp\/v2\/users\/1"}],"replies":[{"embeddable":true,"href":"https:\/\/bikeparkthunersee.devstudio.work\/index.php\/wp-json\/wp\/v2\/comments?post=22"}],"version-history":[{"count":271,"href":"https:\/\/bikeparkthunersee.devstudio.work\/index.php\/wp-json\/wp\/v2\/pages\/22\/revisions"}],"predecessor-version":[{"id":3857,"href":"https:\/\/bikeparkthunersee.devstudio.work\/index.php\/wp-json\/wp\/v2\/pages\/22\/revisions\/3857"}],"wp:attachment":[{"href":"https:\/\/bikeparkthunersee.devstudio.work\/index.php\/wp-json\/wp\/v2\/media?parent=22"}],"curies":[{"name":"wp","href":"https:\/\/api.w.org\/{rel}","templated":true}]}}