{"id":2270,"date":"2025-11-07T15:50:31","date_gmt":"2025-11-07T15:50:31","guid":{"rendered":"https:\/\/bikeparkthunersee.devstudio.work\/?page_id=2270"},"modified":"2025-11-24T09:35:25","modified_gmt":"2025-11-24T09:35:25","slug":"sunnefeld-jumps-steffisburg","status":"publish","type":"page","link":"https:\/\/bikeparkthunersee.devstudio.work\/index.php\/trails-infrastructure\/sunnefeld-jumps-steffisburg\/","title":{"rendered":"Sunnefeld Jumps &#8211; Steffisburg"},"content":{"rendered":"\t\t<div data-elementor-type=\"wp-page\" data-elementor-id=\"2270\" class=\"elementor elementor-2270\" data-elementor-post-type=\"page\">\n\t\t\t\t<div class=\"elementor-element elementor-element-0c71cc1 e-con-full bpt_hero-section e-flex e-con e-parent\" data-id=\"0c71cc1\" data-element_type=\"container\" data-settings=\"{&quot;background_background&quot;:&quot;classic&quot;}\">\n\t\t<div class=\"elementor-element elementor-element-30c951e e-flex e-con-boxed e-con e-child\" data-id=\"30c951e\" data-element_type=\"container\">\n\t\t\t\t\t<div class=\"e-con-inner\">\n\t\t<div class=\"elementor-element elementor-element-79f0c08 e-con-full e-flex e-con e-child\" data-id=\"79f0c08\" data-element_type=\"container\">\n\t\t\t\t<div class=\"elementor-element elementor-element-ed23d20 elementor-widget__width-auto elementor-widget-mobile__width-inherit elementor-widget elementor-widget-heading\" data-id=\"ed23d20\" data-element_type=\"widget\" data-widget_type=\"heading.default\">\n\t\t\t\t\t<h1 class=\"elementor-heading-title elementor-size-default\">Trails &amp; Infrastrukturen<\/h1>\t\t\t\t<\/div>\n\t\t\t\t<div class=\"elementor-element elementor-element-e73dd23 h1-wrap elementor-headline--style-highlight elementor-widget elementor-widget-animated-headline\" data-id=\"e73dd23\" data-element_type=\"widget\" data-settings=\"{&quot;highlighted_text&quot;:&quot;SUNNEFELD JUMPS&quot;,&quot;headline_style&quot;:&quot;highlight&quot;,&quot;marker&quot;:&quot;circle&quot;,&quot;loop&quot;:&quot;yes&quot;,&quot;highlight_animation_duration&quot;:1200,&quot;highlight_iteration_delay&quot;:8000}\" data-widget_type=\"animated-headline.default\">\n\t\t\t\t\t\t\t<h2 class=\"elementor-headline\">\n\t\t\t\t<span class=\"elementor-headline-dynamic-wrapper elementor-headline-text-wrapper\">\n\t\t\t\t\t<span class=\"elementor-headline-dynamic-text elementor-headline-text-active\">SUNNEFELD JUMPS<\/span>\n\t\t\t\t<\/span>\n\t\t\t\t\t<span class=\"elementor-headline-plain-text elementor-headline-text-wrapper\">- STEFFISBURG<\/span>\n\t\t\t\t\t<\/h2>\n\t\t\t\t\t\t<\/div>\n\t\t\t\t<div class=\"elementor-element elementor-element-bdd73db elementor-widget__width-initial elementor-widget-tablet__width-inherit elementor-widget elementor-widget-text-editor\" data-id=\"bdd73db\" data-element_type=\"widget\" data-widget_type=\"text-editor.default\">\n\t\t\t\t\t\t\t\t\t<p>Du suchst Airtime? Hier kommst du definitv auf deine Kosten.<\/p>\t\t\t\t\t\t\t\t<\/div>\n\t\t\t\t<\/div>\n\t\t<div class=\"elementor-element elementor-element-59c4694 e-con-full e-flex e-con e-child\" data-id=\"59c4694\" data-element_type=\"container\">\n\t\t\t\t<div class=\"elementor-element elementor-element-6430450 elementor-widget elementor-widget-image\" data-id=\"6430450\" data-element_type=\"widget\" data-widget_type=\"image.default\">\n\t\t\t\t\t\t\t\t\t\t\t\t\t\t\t<img fetchpriority=\"high\" decoding=\"async\" width=\"1067\" height=\"1062\" src=\"https:\/\/bikeparkthunersee.devstudio.work\/wp-content\/uploads\/2025\/11\/Rugen_Skillscenter_Logo_Def-scaled-e1762525133499.png\" class=\"attachment-full size-full wp-image-2200 has-transparency\" alt=\"\" srcset=\"https:\/\/bikeparkthunersee.devstudio.work\/wp-content\/uploads\/2025\/11\/Rugen_Skillscenter_Logo_Def-scaled-e1762525133499.png 1067w, https:\/\/bikeparkthunersee.devstudio.work\/wp-content\/uploads\/2025\/11\/Rugen_Skillscenter_Logo_Def-scaled-e1762525133499-300x300.png 300w, https:\/\/bikeparkthunersee.devstudio.work\/wp-content\/uploads\/2025\/11\/Rugen_Skillscenter_Logo_Def-scaled-e1762525133499-1024x1019.png 1024w, https:\/\/bikeparkthunersee.devstudio.work\/wp-content\/uploads\/2025\/11\/Rugen_Skillscenter_Logo_Def-scaled-e1762525133499-150x150.png 150w, https:\/\/bikeparkthunersee.devstudio.work\/wp-content\/uploads\/2025\/11\/Rugen_Skillscenter_Logo_Def-scaled-e1762525133499-768x764.png 768w\" sizes=\"(max-width: 1067px) 100vw, 1067px\" data-has-transparency=\"true\" data-dominant-color=\"14110b\" style=\"--dominant-color: #14110b\" \/>\t\t\t\t\t\t\t\t\t\t\t\t\t\t\t<\/div>\n\t\t\t\t<\/div>\n\t\t\t\t\t<\/div>\n\t\t\t\t<\/div>\n\t\t\t\t<\/div>\n\t\t<div class=\"elementor-element elementor-element-6dac78d e-con-full e-flex e-con e-parent\" data-id=\"6dac78d\" data-element_type=\"container\" data-settings=\"{&quot;background_background&quot;:&quot;classic&quot;}\">\n\t\t<div class=\"elementor-element elementor-element-9b85b44 e-flex e-con-boxed e-con e-child\" data-id=\"9b85b44\" data-element_type=\"container\">\n\t\t\t\t\t<div class=\"e-con-inner\">\n\t\t<div class=\"elementor-element elementor-element-2b50ffd e-con-full e-flex e-con e-child\" data-id=\"2b50ffd\" data-element_type=\"container\">\n\t\t\t\t<div class=\"elementor-element elementor-element-4e9424a elementor-widget elementor-widget-text-editor\" data-id=\"4e9424a\" data-element_type=\"widget\" data-widget_type=\"text-editor.default\">\n\t\t\t\t\t\t\t\t\t<p>Die 2021 entstandenen Frutiger Sunnefeld Jumps in Steffisburg bieten alles was das Fliegerherz begehrt. Direkt neben dem Skatepark verbindet ein Mini Pumptrack die beiden Parks. Eine Asphalt Jump Line mit Table Jumps bietet auch in der k\u00e4lteren Jahreszeit die M\u00f6glichkeit die Grundkenntnisse des Fliegens zu erlernen. Vier Mittelgrosse Hip Jumps aneinander gereiht mit einer Linie zur\u00fcck bieten dir perfekte Bedingungen. Auf den Airbag mit zwei verschieden Grossen Abspr\u00fcngen lassen sich neue Tricks \u00fcben. Direkt neben dem Airbag, mit einem identisch grossen Dirtjump startet die Dirtline mit 4 grossen Hip Jumps, einer Quarter to Bank und einer kleineren Line zur\u00fcck zum Start.<\/p>\t\t\t\t\t\t\t\t<\/div>\n\t\t\t\t<\/div>\n\t\t<div class=\"elementor-element elementor-element-aebe53c e-con-full e-flex e-con e-child\" data-id=\"aebe53c\" data-element_type=\"container\">\n\t\t<div class=\"elementor-element elementor-element-9846e8b e-con-full e-flex e-con e-child\" data-id=\"9846e8b\" data-element_type=\"container\" data-settings=\"{&quot;background_background&quot;:&quot;classic&quot;}\">\n\t\t\t\t<div class=\"elementor-element elementor-element-ef1c8f3 elementor--h-position-center elementor--v-position-middle elementor-arrows-position-inside elementor-pagination-position-inside elementor-widget elementor-widget-slides\" data-id=\"ef1c8f3\" data-element_type=\"widget\" data-settings=\"{&quot;transition&quot;:&quot;fade&quot;,&quot;navigation&quot;:&quot;both&quot;,&quot;infinite&quot;:&quot;yes&quot;,&quot;transition_speed&quot;:500}\" data-widget_type=\"slides.default\">\n\t\t\t\t\t\t\t\t\t\t<div class=\"elementor-slides-wrapper elementor-main-swiper swiper\" role=\"region\" aria-roledescription=\"carousel\" aria-label=\"Slides\" dir=\"ltr\" data-animation=\"fadeInUp\">\n\t\t\t\t<div class=\"swiper-wrapper elementor-slides\">\n\t\t\t\t\t\t\t\t\t\t<div class=\"elementor-repeater-item-0c53cde swiper-slide\" role=\"group\" aria-roledescription=\"slide\"><div class=\"swiper-slide-bg\" role=\"img\"><\/div><div class=\"swiper-slide-inner\" ><div class=\"swiper-slide-contents\"><\/div><\/div><\/div><div class=\"elementor-repeater-item-03fd1c0 swiper-slide\" role=\"group\" aria-roledescription=\"slide\"><div class=\"swiper-slide-bg\" role=\"img\"><\/div><div class=\"swiper-slide-inner\" ><div class=\"swiper-slide-contents\"><\/div><\/div><\/div><div class=\"elementor-repeater-item-0d9a518 swiper-slide\" role=\"group\" aria-roledescription=\"slide\"><div class=\"swiper-slide-bg\" role=\"img\"><\/div><div class=\"swiper-slide-inner\" ><div class=\"swiper-slide-contents\"><\/div><\/div><\/div><div class=\"elementor-repeater-item-3f44b7f swiper-slide\" role=\"group\" aria-roledescription=\"slide\"><div class=\"swiper-slide-bg\" role=\"img\"><\/div><div class=\"swiper-slide-inner\" ><div class=\"swiper-slide-contents\"><\/div><\/div><\/div><div class=\"elementor-repeater-item-b8da9ec swiper-slide\" role=\"group\" aria-roledescription=\"slide\"><div class=\"swiper-slide-bg\" role=\"img\"><\/div><div class=\"swiper-slide-inner\" ><div class=\"swiper-slide-contents\"><\/div><\/div><\/div><div class=\"elementor-repeater-item-288b36d swiper-slide\" role=\"group\" aria-roledescription=\"slide\"><div class=\"swiper-slide-bg\" role=\"img\"><\/div><div class=\"swiper-slide-inner\" ><div class=\"swiper-slide-contents\"><\/div><\/div><\/div>\t\t\t\t<\/div>\n\t\t\t\t\t\t\t\t\t\t\t\t\t\t\t<div class=\"elementor-swiper-button elementor-swiper-button-prev\" role=\"button\" tabindex=\"0\" aria-label=\"Previous slide\">\n\t\t\t\t\t\t\t<svg aria-hidden=\"true\" class=\"e-font-icon-svg e-eicon-chevron-left\" viewBox=\"0 0 1000 1000\" xmlns=\"http:\/\/www.w3.org\/2000\/svg\"><path d=\"M646 125C629 125 613 133 604 142L308 442C296 454 292 471 292 487 292 504 296 521 308 533L604 854C617 867 629 875 646 875 663 875 679 871 692 858 704 846 713 829 713 812 713 796 708 779 692 767L438 487 692 225C700 217 708 204 708 187 708 171 704 154 692 142 675 129 663 125 646 125Z\"><\/path><\/svg>\t\t\t\t\t\t<\/div>\n\t\t\t\t\t\t<div class=\"elementor-swiper-button elementor-swiper-button-next\" role=\"button\" tabindex=\"0\" aria-label=\"Next slide\">\n\t\t\t\t\t\t\t<svg aria-hidden=\"true\" class=\"e-font-icon-svg e-eicon-chevron-right\" viewBox=\"0 0 1000 1000\" xmlns=\"http:\/\/www.w3.org\/2000\/svg\"><path d=\"M696 533C708 521 713 504 713 487 713 471 708 454 696 446L400 146C388 133 375 125 354 125 338 125 325 129 313 142 300 154 292 171 292 187 292 204 296 221 308 233L563 492 304 771C292 783 288 800 288 817 288 833 296 850 308 863 321 871 338 875 354 875 371 875 388 867 400 854L696 533Z\"><\/path><\/svg>\t\t\t\t\t\t<\/div>\n\t\t\t\t\t\t\t\t\t\t\t\t\t\t\t\t<div class=\"swiper-pagination\"><\/div>\n\t\t\t\t\t\t\t\t\t\t\t\t<\/div>\n\t\t\t\t\t\t\t\t<\/div>\n\t\t\t\t<\/div>\n\t\t<div class=\"elementor-element elementor-element-3c3fdd0 e-con-full e-flex e-con e-child\" data-id=\"3c3fdd0\" data-element_type=\"container\">\n\t\t<div class=\"elementor-element elementor-element-2dd2005 e-con-full e-flex e-con e-child\" data-id=\"2dd2005\" data-element_type=\"container\">\n\t\t\t\t<div class=\"elementor-element elementor-element-f7bbb93 elementor-widget elementor-widget-heading\" data-id=\"f7bbb93\" data-element_type=\"widget\" data-widget_type=\"heading.default\">\n\t\t\t\t\t<h3 class=\"elementor-heading-title elementor-size-default\">Schwierigkeit\n<\/h3>\t\t\t\t<\/div>\n\t\t\t\t<div class=\"elementor-element elementor-element-3ddc9ce elementor-widget elementor-widget-text-editor\" data-id=\"3ddc9ce\" data-element_type=\"widget\" data-widget_type=\"text-editor.default\">\n\t\t\t\t\t\t\t\t\t<div class=\"wpb_text_column wpb_content_element \"><div class=\"wpb_wrapper\"><p>Von jung bis alt, vom absoluten Beginner bis zum Dirtjump-Pro \u2013 hier kann jeder Spass haben!<\/p><\/div><\/div>\t\t\t\t\t\t\t\t<\/div>\n\t\t\t\t<\/div>\n\t\t<div class=\"elementor-element elementor-element-96acb81 e-con-full e-flex e-con e-child\" data-id=\"96acb81\" data-element_type=\"container\">\n\t\t\t\t<div class=\"elementor-element elementor-element-91f07aa elementor-widget elementor-widget-heading\" data-id=\"91f07aa\" data-element_type=\"widget\" data-widget_type=\"heading.default\">\n\t\t\t\t\t<h3 class=\"elementor-heading-title elementor-size-default\">\u00d6ffnungszeiten\n<\/h3>\t\t\t\t<\/div>\n\t\t\t\t<div class=\"elementor-element elementor-element-6c7fe8d elementor-widget elementor-widget-text-editor\" data-id=\"6c7fe8d\" data-element_type=\"widget\" data-widget_type=\"text-editor.default\">\n\t\t\t\t\t\t\t\t\t<div class=\"wpb_text_column wpb_content_element \"><div class=\"wpb_wrapper\"><p>Die Sunnefeld Jumps sind \u00fcber das ganze Jahr ge\u00f6ffnet. Bitte beachte den Zustand der Jumps. No Dig no Ride \ud83d\ude09 Zudem wird der Airbag grunds\u00e4tzlich nur von den Locals in Betrieb genommen.<\/p><\/div><\/div>\t\t\t\t\t\t\t\t<\/div>\n\t\t\t\t<\/div>\n\t\t<div class=\"elementor-element elementor-element-d50ac74 e-con-full e-flex e-con e-child\" data-id=\"d50ac74\" data-element_type=\"container\">\n\t\t\t\t<div class=\"elementor-element elementor-element-fcb8b91 elementor-widget elementor-widget-heading\" data-id=\"fcb8b91\" data-element_type=\"widget\" data-widget_type=\"heading.default\">\n\t\t\t\t\t<h3 class=\"elementor-heading-title elementor-size-default\">Zufahrt und Parkpl\u00e4tze\n<\/h3>\t\t\t\t<\/div>\n\t\t\t\t<div class=\"elementor-element elementor-element-193fa86 elementor-widget elementor-widget-text-editor\" data-id=\"193fa86\" data-element_type=\"widget\" data-widget_type=\"text-editor.default\">\n\t\t\t\t\t\t\t\t\t<p>Spezielle Parkpl\u00e4tze stehen nicht zur Verf\u00fcgung. Wir empfehlen die Anreise direkt mit dem Bike.<\/p>\t\t\t\t\t\t\t\t<\/div>\n\t\t\t\t<\/div>\n\t\t\t\t<\/div>\n\t\t\t\t<\/div>\n\t\t<div class=\"elementor-element elementor-element-0a7967d e-con-full elementor-hidden-desktop elementor-hidden-laptop elementor-hidden-tablet elementor-hidden-mobile e-flex e-con e-child\" data-id=\"0a7967d\" data-element_type=\"container\" data-settings=\"{&quot;background_background&quot;:&quot;classic&quot;}\">\n\t\t\t\t<div class=\"elementor-element elementor-element-0a61a41 elementor-hidden-desktop elementor-hidden-laptop elementor-hidden-tablet elementor-hidden-mobile elementor-widget elementor-widget-shortcode\" data-id=\"0a61a41\" data-element_type=\"widget\" data-widget_type=\"shortcode.default\">\n\t\t\t\t\t\t\t<div class=\"elementor-shortcode\"><!-- TRAILFORKS WIDGET START -->\n<div class=\"TrailforksWidgetSkillpark\" data-w=\"100%\" data-h=\"500px\" data-id=\"9273\" data-map=\"1\" data-ttfs=\"1\" data-photos=\"0\" data-status=\"1\"><\/div>\n<a href=\"https:\/\/www.trailforks.com\/\">Trailforks.com<\/a>\n\n<script type=\"application\/javascript\" src=\"https:\/\/es.pinkbike.org\/326\/sprt\/j\/trailforks\/iframeResizer.min.js\"><\/script>\n<script type=\"text\/javascript\">\nvar script = document.createElement(\"script\"); script.setAttribute(\"src\", \"https:\/\/es.pinkbike.org\/ttl-86400\/sprt\/j\/trailforks\/widget.js\"); document.getElementsByTagName(\"head\")[0].appendChild(script); var widgetCheck = false;\n<\/script>\n<!-- TRAILFORKS WIDGET END --><\/div>\n\t\t\t\t\t\t<\/div>\n\t\t\t\t<\/div>\n\t\t\t\t\t<\/div>\n\t\t\t\t<\/div>\n\t\t\t\t<\/div>\n\t\t<div class=\"elementor-element elementor-element-488d854 e-con-full e-flex e-con e-parent\" data-id=\"488d854\" data-element_type=\"container\" data-settings=\"{&quot;background_background&quot;:&quot;classic&quot;}\">\n\t\t<div class=\"elementor-element elementor-element-7f12878 e-flex e-con-boxed e-con e-child\" data-id=\"7f12878\" data-element_type=\"container\">\n\t\t\t\t\t<div class=\"e-con-inner\">\n\t\t<div class=\"elementor-element elementor-element-f10ba96 e-con-full e-flex e-con e-child\" data-id=\"f10ba96\" data-element_type=\"container\">\n\t\t\t\t<div class=\"elementor-element elementor-element-b8b5dba elementor-widget elementor-widget-heading\" data-id=\"b8b5dba\" data-element_type=\"widget\" data-widget_type=\"heading.default\">\n\t\t\t\t\t<h2 class=\"elementor-heading-title elementor-size-default\">TRAIL SPONSOREN\n<\/h2>\t\t\t\t<\/div>\n\t\t<div class=\"elementor-element elementor-element-3fdde5b e-con-full e-flex e-con e-child\" data-id=\"3fdde5b\" data-element_type=\"container\">\n\t\t\t\t<div class=\"elementor-element elementor-element-511203d elementor-widget elementor-widget-heading\" data-id=\"511203d\" data-element_type=\"widget\" data-widget_type=\"heading.default\">\n\t\t\t\t\t<h3 class=\"elementor-heading-title elementor-size-default\">HOST<\/h3>\t\t\t\t<\/div>\n\t\t<div class=\"elementor-element elementor-element-94a869c e-con-full e-flex e-con e-child\" data-id=\"94a869c\" data-element_type=\"container\">\n\t\t\t\t<div class=\"elementor-element elementor-element-81835f9 elementor-widget elementor-widget-image\" data-id=\"81835f9\" data-element_type=\"widget\" data-widget_type=\"image.default\">\n\t\t\t\t\t\t\t\t\t\t\t\t\t\t\t<img decoding=\"async\" width=\"1099\" height=\"726\" src=\"https:\/\/bikeparkthunersee.devstudio.work\/wp-content\/uploads\/2025\/11\/gemeindesteffisburg.png\" class=\"attachment-full size-full wp-image-2289 has-transparency\" alt=\"\" srcset=\"https:\/\/bikeparkthunersee.devstudio.work\/wp-content\/uploads\/2025\/11\/gemeindesteffisburg.png 1099w, https:\/\/bikeparkthunersee.devstudio.work\/wp-content\/uploads\/2025\/11\/gemeindesteffisburg-300x198.png 300w, https:\/\/bikeparkthunersee.devstudio.work\/wp-content\/uploads\/2025\/11\/gemeindesteffisburg-1024x676.png 1024w, https:\/\/bikeparkthunersee.devstudio.work\/wp-content\/uploads\/2025\/11\/gemeindesteffisburg-768x507.png 768w\" sizes=\"(max-width: 1099px) 100vw, 1099px\" data-has-transparency=\"true\" data-dominant-color=\"2f2f2f\" style=\"--dominant-color: #2f2f2f\" \/>\t\t\t\t\t\t\t\t\t\t\t\t\t\t\t<\/div>\n\t\t\t\t<\/div>\n\t\t\t\t<\/div>\n\t\t\t\t<div class=\"elementor-element elementor-element-a101743 elementor-widget elementor-widget-spacer\" data-id=\"a101743\" data-element_type=\"widget\" data-widget_type=\"spacer.default\">\n\t\t\t\t\t\t\t<div class=\"elementor-spacer\">\n\t\t\t<div class=\"elementor-spacer-inner\"><\/div>\n\t\t<\/div>\n\t\t\t\t\t\t<\/div>\n\t\t<div class=\"elementor-element elementor-element-5dfbab8 e-con-full e-flex e-con e-child\" data-id=\"5dfbab8\" data-element_type=\"container\">\n\t\t\t\t<div class=\"elementor-element elementor-element-7c50f24 elementor-widget elementor-widget-heading\" data-id=\"7c50f24\" data-element_type=\"widget\" data-widget_type=\"heading.default\">\n\t\t\t\t\t<h3 class=\"elementor-heading-title elementor-size-default\">HAUPTSPONSOREN<\/h3>\t\t\t\t<\/div>\n\t\t<div class=\"elementor-element elementor-element-2d7fee1 e-flex e-con-boxed e-con e-child\" data-id=\"2d7fee1\" data-element_type=\"container\">\n\t\t\t\t\t<div class=\"e-con-inner\">\n\t\t\t\t<div class=\"elementor-element elementor-element-6cc9940 elementor-widget elementor-widget-image\" data-id=\"6cc9940\" data-element_type=\"widget\" data-widget_type=\"image.default\">\n\t\t\t\t\t\t\t\t\t\t\t\t\t\t\t<img decoding=\"async\" width=\"2159\" height=\"506\" src=\"https:\/\/bikeparkthunersee.devstudio.work\/wp-content\/uploads\/2025\/11\/flyingmetal.png\" class=\"attachment-full size-full wp-image-2214 has-transparency\" alt=\"\" srcset=\"https:\/\/bikeparkthunersee.devstudio.work\/wp-content\/uploads\/2025\/11\/flyingmetal.png 2159w, https:\/\/bikeparkthunersee.devstudio.work\/wp-content\/uploads\/2025\/11\/flyingmetal-300x70.png 300w, https:\/\/bikeparkthunersee.devstudio.work\/wp-content\/uploads\/2025\/11\/flyingmetal-1024x240.png 1024w, https:\/\/bikeparkthunersee.devstudio.work\/wp-content\/uploads\/2025\/11\/flyingmetal-768x180.png 768w, https:\/\/bikeparkthunersee.devstudio.work\/wp-content\/uploads\/2025\/11\/flyingmetal-1536x360.png 1536w, https:\/\/bikeparkthunersee.devstudio.work\/wp-content\/uploads\/2025\/11\/flyingmetal-2048x480.png 2048w\" sizes=\"(max-width: 2159px) 100vw, 2159px\" data-has-transparency=\"true\" data-dominant-color=\"5b5b5b\" style=\"--dominant-color: #5b5b5b\" \/>\t\t\t\t\t\t\t\t\t\t\t\t\t\t\t<\/div>\n\t\t\t\t<div class=\"elementor-element elementor-element-30ee1ec elementor-widget elementor-widget-image\" data-id=\"30ee1ec\" data-element_type=\"widget\" data-widget_type=\"image.default\">\n\t\t\t\t\t\t\t\t\t\t\t\t\t\t\t<img loading=\"lazy\" decoding=\"async\" width=\"1099\" height=\"726\" src=\"https:\/\/bikeparkthunersee.devstudio.work\/wp-content\/uploads\/2025\/11\/frutiger.png\" class=\"attachment-full size-full wp-image-2290 has-transparency\" alt=\"\" srcset=\"https:\/\/bikeparkthunersee.devstudio.work\/wp-content\/uploads\/2025\/11\/frutiger.png 1099w, https:\/\/bikeparkthunersee.devstudio.work\/wp-content\/uploads\/2025\/11\/frutiger-300x198.png 300w, https:\/\/bikeparkthunersee.devstudio.work\/wp-content\/uploads\/2025\/11\/frutiger-1024x676.png 1024w, https:\/\/bikeparkthunersee.devstudio.work\/wp-content\/uploads\/2025\/11\/frutiger-768x507.png 768w\" sizes=\"(max-width: 1099px) 100vw, 1099px\" data-has-transparency=\"true\" data-dominant-color=\"858585\" style=\"--dominant-color: #858585\" \/>\t\t\t\t\t\t\t\t\t\t\t\t\t\t\t<\/div>\n\t\t\t\t<div class=\"elementor-element elementor-element-a237cbc elementor-widget elementor-widget-image\" data-id=\"a237cbc\" data-element_type=\"widget\" data-widget_type=\"image.default\">\n\t\t\t\t\t\t\t\t\t\t\t\t\t\t\t<img loading=\"lazy\" decoding=\"async\" width=\"1749\" height=\"506\" src=\"https:\/\/bikeparkthunersee.devstudio.work\/wp-content\/uploads\/2025\/11\/swisslos.png\" class=\"attachment-full size-full wp-image-2213 has-transparency\" alt=\"\" srcset=\"https:\/\/bikeparkthunersee.devstudio.work\/wp-content\/uploads\/2025\/11\/swisslos.png 1749w, https:\/\/bikeparkthunersee.devstudio.work\/wp-content\/uploads\/2025\/11\/swisslos-300x87.png 300w, https:\/\/bikeparkthunersee.devstudio.work\/wp-content\/uploads\/2025\/11\/swisslos-1024x296.png 1024w, https:\/\/bikeparkthunersee.devstudio.work\/wp-content\/uploads\/2025\/11\/swisslos-768x222.png 768w, https:\/\/bikeparkthunersee.devstudio.work\/wp-content\/uploads\/2025\/11\/swisslos-1536x444.png 1536w\" sizes=\"(max-width: 1749px) 100vw, 1749px\" data-has-transparency=\"true\" data-dominant-color=\"252525\" style=\"--dominant-color: #252525\" \/>\t\t\t\t\t\t\t\t\t\t\t\t\t\t\t<\/div>\n\t\t\t\t\t<\/div>\n\t\t\t\t<\/div>\n\t\t\t\t<\/div>\n\t\t\t\t<div class=\"elementor-element elementor-element-6ad3393 elementor-widget elementor-widget-spacer\" data-id=\"6ad3393\" data-element_type=\"widget\" data-widget_type=\"spacer.default\">\n\t\t\t\t\t\t\t<div class=\"elementor-spacer\">\n\t\t\t<div class=\"elementor-spacer-inner\"><\/div>\n\t\t<\/div>\n\t\t\t\t\t\t<\/div>\n\t\t<div class=\"elementor-element elementor-element-77a76ff e-con-full e-flex e-con e-child\" data-id=\"77a76ff\" data-element_type=\"container\">\n\t\t\t\t<div class=\"elementor-element elementor-element-99413e7 elementor-widget elementor-widget-heading\" data-id=\"99413e7\" data-element_type=\"widget\" data-widget_type=\"heading.default\">\n\t\t\t\t\t<h3 class=\"elementor-heading-title elementor-size-default\">CO SPONSOREN<\/h3>\t\t\t\t<\/div>\n\t\t<div class=\"elementor-element elementor-element-e8ed700 e-flex e-con-boxed e-con e-child\" data-id=\"e8ed700\" data-element_type=\"container\">\n\t\t\t\t\t<div class=\"e-con-inner\">\n\t\t\t\t<div class=\"elementor-element elementor-element-ada3d53 elementor-widget elementor-widget-image\" data-id=\"ada3d53\" data-element_type=\"widget\" data-widget_type=\"image.default\">\n\t\t\t\t\t\t\t\t\t\t\t\t\t\t\t<img loading=\"lazy\" decoding=\"async\" width=\"2444\" height=\"357\" src=\"https:\/\/bikeparkthunersee.devstudio.work\/wp-content\/uploads\/2025\/11\/acefactory.png\" class=\"attachment-full size-full wp-image-2291 has-transparency\" alt=\"\" srcset=\"https:\/\/bikeparkthunersee.devstudio.work\/wp-content\/uploads\/2025\/11\/acefactory.png 2444w, https:\/\/bikeparkthunersee.devstudio.work\/wp-content\/uploads\/2025\/11\/acefactory-300x44.png 300w, https:\/\/bikeparkthunersee.devstudio.work\/wp-content\/uploads\/2025\/11\/acefactory-1024x150.png 1024w, https:\/\/bikeparkthunersee.devstudio.work\/wp-content\/uploads\/2025\/11\/acefactory-768x112.png 768w, https:\/\/bikeparkthunersee.devstudio.work\/wp-content\/uploads\/2025\/11\/acefactory-1536x224.png 1536w, https:\/\/bikeparkthunersee.devstudio.work\/wp-content\/uploads\/2025\/11\/acefactory-2048x299.png 2048w\" sizes=\"(max-width: 2444px) 100vw, 2444px\" data-has-transparency=\"true\" data-dominant-color=\"3f3f3f\" style=\"--dominant-color: #3f3f3f\" \/>\t\t\t\t\t\t\t\t\t\t\t\t\t\t\t<\/div>\n\t\t\t\t<div class=\"elementor-element elementor-element-74558fb elementor-widget elementor-widget-image\" data-id=\"74558fb\" data-element_type=\"widget\" data-widget_type=\"image.default\">\n\t\t\t\t\t\t\t\t\t\t\t\t\t\t\t<img loading=\"lazy\" decoding=\"async\" width=\"2560\" height=\"272\" src=\"https:\/\/bikeparkthunersee.devstudio.work\/wp-content\/uploads\/2025\/11\/buhrer-scaled.png\" class=\"attachment-full size-full wp-image-2292 has-transparency\" alt=\"\" srcset=\"https:\/\/bikeparkthunersee.devstudio.work\/wp-content\/uploads\/2025\/11\/buhrer-scaled.png 2560w, https:\/\/bikeparkthunersee.devstudio.work\/wp-content\/uploads\/2025\/11\/buhrer-300x32.png 300w, https:\/\/bikeparkthunersee.devstudio.work\/wp-content\/uploads\/2025\/11\/buhrer-1024x109.png 1024w, https:\/\/bikeparkthunersee.devstudio.work\/wp-content\/uploads\/2025\/11\/buhrer-768x82.png 768w, https:\/\/bikeparkthunersee.devstudio.work\/wp-content\/uploads\/2025\/11\/buhrer-1536x163.png 1536w, https:\/\/bikeparkthunersee.devstudio.work\/wp-content\/uploads\/2025\/11\/buhrer-2048x218.png 2048w\" sizes=\"(max-width: 2560px) 100vw, 2560px\" data-has-transparency=\"true\" data-dominant-color=\"272727\" style=\"--dominant-color: #272727\" \/>\t\t\t\t\t\t\t\t\t\t\t\t\t\t\t<\/div>\n\t\t\t\t\t<\/div>\n\t\t\t\t<\/div>\n\t\t\t\t<\/div>\n\t\t\t\t<\/div>\n\t\t\t\t\t<\/div>\n\t\t\t\t<\/div>\n\t\t\t\t<\/div>\n\t\t\t\t<\/div>\n\t\t","protected":false},"excerpt":{"rendered":"<p>Trails &amp; Infrastrukturen SUNNEFELD JUMPS &#8211; STEFFISBURG Du suchst Airtime? Hier kommst du definitv auf deine Kosten. Die 2021 entstandenen Frutiger Sunnefeld Jumps in Steffisburg bieten alles was das Fliegerherz begehrt. Direkt neben dem Skatepark verbindet ein Mini Pumptrack die beiden Parks. Eine Asphalt Jump Line mit Table Jumps bietet auch in der k\u00e4lteren Jahreszeit [&hellip;]<\/p>\n","protected":false},"author":2,"featured_media":0,"parent":18,"menu_order":0,"comment_status":"closed","ping_status":"closed","template":"","meta":{"_acf_changed":false,"inline_featured_image":false,"footnotes":""},"class_list":["post-2270","page","type-page","status-publish","hentry"],"acf":[],"_links":{"self":[{"href":"https:\/\/bikeparkthunersee.devstudio.work\/index.php\/wp-json\/wp\/v2\/pages\/2270","targetHints":{"allow":["GET"]}}],"collection":[{"href":"https:\/\/bikeparkthunersee.devstudio.work\/index.php\/wp-json\/wp\/v2\/pages"}],"about":[{"href":"https:\/\/bikeparkthunersee.devstudio.work\/index.php\/wp-json\/wp\/v2\/types\/page"}],"author":[{"embeddable":true,"href":"https:\/\/bikeparkthunersee.devstudio.work\/index.php\/wp-json\/wp\/v2\/users\/2"}],"replies":[{"embeddable":true,"href":"https:\/\/bikeparkthunersee.devstudio.work\/index.php\/wp-json\/wp\/v2\/comments?post=2270"}],"version-history":[{"count":28,"href":"https:\/\/bikeparkthunersee.devstudio.work\/index.php\/wp-json\/wp\/v2\/pages\/2270\/revisions"}],"predecessor-version":[{"id":3692,"href":"https:\/\/bikeparkthunersee.devstudio.work\/index.php\/wp-json\/wp\/v2\/pages\/2270\/revisions\/3692"}],"up":[{"embeddable":true,"href":"https:\/\/bikeparkthunersee.devstudio.work\/index.php\/wp-json\/wp\/v2\/pages\/18"}],"wp:attachment":[{"href":"https:\/\/bikeparkthunersee.devstudio.work\/index.php\/wp-json\/wp\/v2\/media?parent=2270"}],"curies":[{"name":"wp","href":"https:\/\/api.w.org\/{rel}","templated":true}]}}